{"id":6914,"date":"2025-04-23T15:23:39","date_gmt":"2025-04-23T13:23:39","guid":{"rendered":"https:\/\/monterreylasrozas.com\/?page_id=6914"},"modified":"2026-04-24T12:06:30","modified_gmt":"2026-04-24T10:06:30","slug":"menu-del-dia","status":"publish","type":"page","link":"https:\/\/monterreylasrozas.com\/en\/menu-del-dia\/","title":{"rendered":"Menu of the day"},"content":{"rendered":"<div data-elementor-type=\"wp-page\" data-elementor-id=\"6914\" class=\"elementor elementor-6914\" data-elementor-post-type=\"page\">\n\t\t\t\t<div class=\"elementor-element elementor-element-7a4741f6 pt-section-content-fullwidth pt_scroll_y_120 pt-parallax-on-scroll e-flex e-con-boxed e-con e-parent\" data-id=\"7a4741f6\" data-element_type=\"container\" data-e-type=\"container\" data-settings=\"{&quot;background_background&quot;:&quot;classic&quot;}\" data-pt-parallax-y=\"120\" style=\"background-image: none;\" data-pt-background-image=\"https:\/\/patiotime.loftocean.com\/demo2\/wp-content\/uploads\/sites\/2\/2022\/04\/davide-cantelli-jpkfc5_d-DI-unsplash.jpg\">\n\t\t\t\t\t<div class=\"e-con-inner\">\n\t\t<div class=\"elementor-element elementor-element-214d65a dark-color e-con-full e-flex e-con e-child\" data-id=\"214d65a\" data-element_type=\"container\" data-e-type=\"container\">\n\t\t\t\t<div class=\"elementor-element elementor-element-e96bc33 elementor-widget elementor-widget-pt_title\" data-id=\"e96bc33\" data-element_type=\"widget\" data-e-type=\"widget\" data-widget_type=\"pt_title.default\">\n\t\t\t\t<div class=\"elementor-widget-container\">\n\t\t\t\t\t\n        <div class=\"pt-title-wrap text-center\">\t            <div class=\"pt-subtitle-wrap\"><span class=\"pt-subtitle color-white style-bordered\">Restaurant In Monterrey Las Rozas<\/span><\/div>\t            <h1 class=\"pt-title\">\n\t                Menu of the day\t            <\/h1>        <\/div>\t\t\t\t<\/div>\n\t\t\t\t<\/div>\n\t\t\t\t<\/div>\n\t\t\t\t\t<\/div>\n\t\t\t\t<\/div>\n\t\t<div class=\"elementor-element elementor-element-0d1592e e-flex e-con-boxed e-con e-parent\" data-id=\"0d1592e\" data-element_type=\"container\" data-e-type=\"container\">\n\t\t\t\t\t<div class=\"e-con-inner\">\n\t\t<div class=\"elementor-element elementor-element-1cc7eab e-con-full e-flex e-con e-child\" data-id=\"1cc7eab\" data-element_type=\"container\" data-e-type=\"container\">\n\t\t\t\t<div class=\"elementor-element elementor-element-13f70cb elementor-widget elementor-widget-image\" data-id=\"13f70cb\" data-element_type=\"widget\" data-e-type=\"widget\" data-widget_type=\"image.default\">\n\t\t\t\t\t\t\t\t\t\t\t\t\t\t\t<img fetchpriority=\"high\" decoding=\"async\" width=\"500\" height=\"500\" src=\"https:\/\/monterreylasrozas.com\/wp-content\/uploads\/2025\/04\/logo.png\" class=\"attachment-full size-full wp-image-6534\" alt=\"\" srcset=\"https:\/\/monterreylasrozas.com\/wp-content\/uploads\/2025\/04\/logo.png 500w, https:\/\/monterreylasrozas.com\/wp-content\/uploads\/2025\/04\/logo-300x300.png 300w, https:\/\/monterreylasrozas.com\/wp-content\/uploads\/2025\/04\/logo-150x150.png 150w, https:\/\/monterreylasrozas.com\/wp-content\/uploads\/2025\/04\/logo-370x370.png 370w, https:\/\/monterreylasrozas.com\/wp-content\/uploads\/2025\/04\/logo-255x255.png 255w\" sizes=\"(max-width: 500px) 100vw, 500px\" \/>\t\t\t\t\t\t\t\t\t\t\t\t\t\t\t<\/div>\n\t\t\t\t<div class=\"elementor-element elementor-element-f8768ba elementor-widget elementor-widget-text-editor\" data-id=\"f8768ba\" data-element_type=\"widget\" data-e-type=\"widget\" data-widget_type=\"text-editor.default\">\n\t\t\t\t\t\t\t\t\t<p><span style=\"font-size: inherit;\">VIERNES 24 DE ABRIL DEL 2026<\/span><\/p>\t\t\t\t\t\t\t\t<\/div>\n\t\t\t\t<div class=\"elementor-element elementor-element-76e5dfa elementor-widget elementor-widget-text-editor\" data-id=\"76e5dfa\" data-element_type=\"widget\" data-e-type=\"widget\" data-widget_type=\"text-editor.default\">\n\t\t\t\t\t\t\t\t\t<p>ESPINACAS SALTEDAS<\/p><p>MACARRONES CON CARNE GRATINADOS<\/p><p>SALMOREJO CORDOB\u00c9S<\/p>\t\t\t\t\t\t\t\t<\/div>\n\t\t<div class=\"elementor-element elementor-element-f294548 e-con-full e-flex e-con e-child\" data-id=\"f294548\" data-element_type=\"container\" data-e-type=\"container\">\n\t\t\t\t<div class=\"elementor-element elementor-element-51b0801 elementor-widget elementor-widget-heading\" data-id=\"51b0801\" data-element_type=\"widget\" data-e-type=\"widget\" data-widget_type=\"heading.default\">\n\t\t\t\t\t<h2 class=\"elementor-heading-title elementor-size-default\">FIRST DISHES<\/h2>\t\t\t\t<\/div>\n\t\t\t\t<\/div>\n\t\t<div class=\"elementor-element elementor-element-d5ec660 e-con-full e-flex e-con e-child\" data-id=\"d5ec660\" data-element_type=\"container\" data-e-type=\"container\">\n\t\t\t\t<div class=\"elementor-element elementor-element-2f14f5a elementor-widget elementor-widget-heading\" data-id=\"2f14f5a\" data-element_type=\"widget\" data-e-type=\"widget\" data-widget_type=\"heading.default\">\n\t\t\t\t\t<h2 class=\"elementor-heading-title elementor-size-default\">MAIN DISHES<\/h2>\t\t\t\t<\/div>\n\t\t\t\t<div class=\"elementor-element elementor-element-cff2146 elementor-widget elementor-widget-text-editor\" data-id=\"cff2146\" data-element_type=\"widget\" data-e-type=\"widget\" data-widget_type=\"text-editor.default\">\n\t\t\t\t\t\t\t\t\t<p>PIJOTAS A LA ANDALUZA<\/p>\n<p>STEAK ON THE GRILL<\/p><p>Chicken Fingers with BBQ Sauce<\/p>\n<p><\/p>\t\t\t\t\t\t\t\t<\/div>\n\t\t\t\t<\/div>\n\t\t\t\t<div class=\"elementor-element elementor-element-de141a8 elementor-widget elementor-widget-text-editor\" data-id=\"de141a8\" data-element_type=\"widget\" data-e-type=\"widget\" data-widget_type=\"text-editor.default\">\n\t\t\t\t\t\t\t\t\t<p>\u00a0<\/p><p>MEN\u00da 15\u20ac<\/p>\t\t\t\t\t\t\t\t<\/div>\n\t\t<div class=\"elementor-element elementor-element-435dfa5 e-con-full e-flex e-con e-child\" data-id=\"435dfa5\" data-element_type=\"container\" data-e-type=\"container\">\n\t\t\t\t<div class=\"elementor-element elementor-element-a27bcec elementor-widget elementor-widget-text-editor\" data-id=\"a27bcec\" data-element_type=\"widget\" data-e-type=\"widget\" data-widget_type=\"text-editor.default\">\n\t\t\t\t\t\t\t\t\t<p>1\/2 MEN\u00da 12\u20ac<\/p>\t\t\t\t\t\t\t\t<\/div>\n\t\t\t\t<div class=\"elementor-element elementor-element-739bc91 elementor-widget elementor-widget-text-editor\" data-id=\"739bc91\" data-element_type=\"widget\" data-e-type=\"widget\" data-widget_type=\"text-editor.default\">\n\t\t\t\t\t\t\t\t\t<p>LAS RESERVAS PARA MEN\u00da SE HACEN PARA GRUPOS DE MAS DE 6 COMENSALES<\/p>\t\t\t\t\t\t\t\t<\/div>\n\t\t\t\t<\/div>\n\t\t\t\t<div class=\"elementor-element elementor-element-b99beb2 elementor-widget elementor-widget-text-editor\" data-id=\"b99beb2\" data-element_type=\"widget\" data-e-type=\"widget\" data-widget_type=\"text-editor.default\">\n\t\t\t\t\t\t\t\t\t<p>ONLY MAKE BOOKINGS FOR MENU FROM 6 DINERS<\/p>\t\t\t\t\t\t\t\t<\/div>\n\t\t\t\t<\/div>\n\t\t\t\t\t<\/div>\n\t\t\t\t<\/div>\n\t\t<div class=\"elementor-element elementor-element-6a22cd9 e-flex e-con-boxed e-con e-parent\" data-id=\"6a22cd9\" data-element_type=\"container\" data-e-type=\"container\">\n\t\t\t\t\t<div class=\"e-con-inner\">\n\t\t\t\t<div class=\"elementor-element elementor-element-37bcd65 elementor-widget elementor-widget-text-editor\" data-id=\"37bcd65\" data-element_type=\"widget\" data-e-type=\"widget\" data-widget_type=\"text-editor.default\">\n\t\t\t\t\t\t\t\t\t<p>IF YOU WANT TO TRY OUR LETTER CAN BE VIEWED HERE<\/p>\t\t\t\t\t\t\t\t<\/div>\n\t\t\t\t<div class=\"elementor-element elementor-element-42c6625 elementor-widget elementor-widget-pt_button\" data-id=\"42c6625\" data-element_type=\"widget\" data-e-type=\"widget\" data-widget_type=\"pt_button.default\">\n\t\t\t\t<div class=\"elementor-widget-container\">\n\t\t\t\t\t        <a href=\"https:\/\/monterreylasrozas.com\/en\/carta\/\" class=\"elementor-button-link button pt-btn-large\" role=\"button\">\n            <span class=\"pt-btn-text\">Full letter<\/span>\n        <\/a>\t\t\t\t<\/div>\n\t\t\t\t<\/div>\n\t\t\t\t\t<\/div>\n\t\t\t\t<\/div>\n\t\t\t\t<\/div>","protected":false},"excerpt":{"rendered":"<p>Restaurante Monterrey Las Rozas Men\u00fa del d\u00eda VIERNES 24 DE ABRIL DEL 2026 ESPINACAS SALTEDAS MACARRONES CON CARNE GRATINADOS SALMOREJO CORDOB\u00c9S PRIMEROS PLATOS SEGUNDOS PLATOS PIJOTAS A LA ANDALUZA ENTRECOT A LA PARRILLA FINGERS DE POLLO CON SALSA BBQ \u00a0 MEN\u00da 15\u20ac 1\/2 MEN\u00da 12\u20ac LAS RESERVAS PARA MEN\u00da SE HACEN PARA GRUPOS DE MAS &#8230;<\/p>","protected":false},"author":1,"featured_media":0,"parent":0,"menu_order":0,"comment_status":"closed","ping_status":"closed","template":"elementor_header_footer","meta":{"patiotime_single_page_hide_site_header":"","patiotime_single_page_site_header_source":"","patiotime_single_page_custom_site_header":"0","patiotime_single_page_custom_sticky_site_header":"0","patiotime_single_page_custom_page_title_margin_top_source":"","patiotime_single_page_custom_page_title_desktop_margin_top":"","patiotime_single_page_custom_page_title_tablet_margin_top":"","patiotime_single_page_custom_page_title_mobile_margin_top":"","patiotime_single_page_hide_page_title":"","patiotime_single_page_header_section_size":"","patiotime_single_page_header_background_color":"","patiotime_single_page_header_background_position_x":"center","patiotime_single_page_header_background_position_y":"center","patiotime_single_page_header_background_size":"cover","patiotime_single_page_header_background_repeat":"off","patiotime_single_page_header_background_scroll":"on","patiotime_single_page_header_text_color":"","patiotime_single_page_header_show_breadcrumb":"","patiotime_single_page_site_footer_hide_main":"","patiotime_single_custom_site_footer_main_source":"","patiotime_single_custom_site_footer_main":"0","patiotime_single_page_site_footer_hide_above":"","patiotime_single_custom_site_footer_above_source":"","patiotime_single_custom_site_footer_above":"0","patiotime_single_page_site_footer_hide_instagram":"","patiotime_single_page_site_footer_hide_bottom":"","patiotime_single_custom_mobile_menu_source":"","patiotime_single_custom_mobile_menu":"0","patiotime_single_custom_mobile_menu_animation":"","patiotime_single_custom_mobile_menu_width":"","patiotime_single_custom_mobile_menu_custom_width":375,"footnotes":""},"class_list":["post-6914","page","type-page","status-publish","hentry"],"_links":{"self":[{"href":"https:\/\/monterreylasrozas.com\/en\/wp-json\/wp\/v2\/pages\/6914","targetHints":{"allow":["GET"]}}],"collection":[{"href":"https:\/\/monterreylasrozas.com\/en\/wp-json\/wp\/v2\/pages"}],"about":[{"href":"https:\/\/monterreylasrozas.com\/en\/wp-json\/wp\/v2\/types\/page"}],"author":[{"embeddable":true,"href":"https:\/\/monterreylasrozas.com\/en\/wp-json\/wp\/v2\/users\/1"}],"replies":[{"embeddable":true,"href":"https:\/\/monterreylasrozas.com\/en\/wp-json\/wp\/v2\/comments?post=6914"}],"version-history":[{"count":1186,"href":"https:\/\/monterreylasrozas.com\/en\/wp-json\/wp\/v2\/pages\/6914\/revisions"}],"predecessor-version":[{"id":8722,"href":"https:\/\/monterreylasrozas.com\/en\/wp-json\/wp\/v2\/pages\/6914\/revisions\/8722"}],"wp:attachment":[{"href":"https:\/\/monterreylasrozas.com\/en\/wp-json\/wp\/v2\/media?parent=6914"}],"curies":[{"name":"wp","href":"https:\/\/api.w.org\/{rel}","templated":true}]}}